{"id":543,"date":"2020-06-10T09:01:27","date_gmt":"2020-06-10T14:01:27","guid":{"rendered":"https:\/\/baselok.com\/?page_id=543"},"modified":"2024-08-26T11:11:07","modified_gmt":"2024-08-26T16:11:07","slug":"marine","status":"publish","type":"page","link":"https:\/\/baselok.com\/pt\/marine\/","title":{"rendered":"Marinho"},"content":{"rendered":"<div id=\"cs-content\" class=\"cs-content\"><div class=\"x-section e543-e1 mf3-0 mf3-1 mf3-2\"><div class=\"x-bg\" aria-hidden=\"true\"><div class=\"x-bg-layer-lower-image\" data-x-element-bg-layer=\"{&quot;parallaxSize&quot;:&quot;150%&quot;,&quot;parallaxDir&quot;:&quot;v&quot;,&quot;parallaxRev&quot;:false}\"><\/div><div class=\"x-bg-layer-upper-color\"><\/div><\/div><div class=\"x-container e543-e2 mf3-a mf3-b\"><div class=\"x-column x-sm x-1-1 e543-e3 mf3-c\"><div class=\"x-text x-text-headline e543-e4 mf3-e mf3-f mf3-g mf3-h\"><div class=\"x-text-content\"><div class=\"x-text-content-text\"><h1 class=\"x-text-content-text-primary\">Marinho<\/h1>\n<h6 class=\"x-text-content-text-subheadline\">SHORELINE, COASTAL & WATERWAY<\/h6><\/div><\/div><\/div><\/div><\/div><\/div><div class=\"x-section e543-e5 mf3-0 mf3-1 mf3-3 mf3-4\"><div class=\"x-row x-container max width e543-e6 mf3-n mf3-o mf3-p mf3-r mf3-s\"><div class=\"x-row-inner\"><div class=\"x-col e543-e7 mf3-w mf3-x\"><div class=\"x-text x-content e543-e8 mf3-y\">Ao lidar com projetos de constru\u00e7\u00e3o dentro ou ao redor da \u00e1gua, as tecnologias BaseLok \u2122 apresentam uma linha de estruturas marinhas compostas confi\u00e1veis. Incorporamos geogrelhas e geot\u00eaxteis de alta qualidade para criar produtos projetados para aprimorar a construtibilidade e a longevidade das estruturas costeiras e marinhas. Com recursos hidr\u00e1ulicos aprimorados e engenharia superior, as solu\u00e7\u00f5es BaseLok \u2122 diminuem os custos em compara\u00e7\u00e3o com outras alternativas.<\/div><hr class=\"x-line e543-e9 mf3-z mf3-10\"\/><div class=\"x-text x-text-headline e543-e10 mf3-e mf3-i mf3-j mf3-k\"><div class=\"x-text-content\"><div class=\"x-text-content-text\"><h1 class=\"x-text-content-text-primary\">Produtos<\/h1>\n<\/div><\/div><\/div><hr class=\"x-line x-hide-lg x-hide-md x-hide-xl e543-e11 mf3-10 mf3-11\"\/><\/div><\/div><\/div><\/div><div class=\"x-section e543-e12 mf3-0 mf3-1 mf3-4 mf3-5 mf3-6\"><div class=\"x-grid x-container max width e543-e13 mf3-12 mf3-13 mf3-14 mf3-15\"><div class=\"x-cell e543-e14 mf3-19 mf3-1a mf3-1b\"><div class=\"x-text x-text-headline has-graphic e543-e15 mf3-e mf3-h mf3-i mf3-k mf3-l\"><div class=\"x-text-content\"><span class=\"x-graphic\" aria-hidden=\"true\"><i class=\"x-icon x-graphic-child x-graphic-icon x-graphic-primary\" aria-hidden=\"true\" data-x-icon-o=\"&#xf773;\"><\/i><\/span><div class=\"x-text-content-text\"><h2 class=\"x-text-content-text-primary\">Colch\u00f5es marinhos<\/h2>\n<span class=\"x-text-content-text-subheadline\">O sistema BaseLok \u2122 Marine Colch\u00e3o foi projetado para suportar as condi\u00e7\u00f5es adversas e em constante mudan\u00e7a encontradas na maioria dos projetos de constru\u00e7\u00e3o costeiros e hidrovi\u00e1rios. A flexibilidade dos colch\u00f5es permite que eles se dobrem ao contorno do subleito do projeto, proporcionando prote\u00e7\u00e3o superior contra abras\u00e3o em compara\u00e7\u00e3o com outros revestimentos fabricados. Os colch\u00f5es marinhos BaseLok \u2122 s\u00e3o projetados especificamente para resistir \u00e0 degrada\u00e7\u00e3o por fatores qu\u00edmicos, biol\u00f3gicos e ambientais, tornando-os ideais para uso em exposi\u00e7\u00e3o \u00e0 \u00e1gua salgada, escoamento industrial e projetos de remedia\u00e7\u00e3o de sedimentos.<\/span><\/div><\/div><\/div><\/div><div class=\"x-cell e543-e16 mf3-1b mf3-1c mf3-1d mf3-1e mf3-1f\"><div class=\"x-bg\" aria-hidden=\"true\"><div class=\"x-bg-layer-lower-color\"><\/div><div class=\"x-bg-layer-upper-image\" data-x-element-bg-layer=\"{&quot;parallaxSize&quot;:&quot;90%&quot;,&quot;parallaxDir&quot;:&quot;h&quot;,&quot;parallaxRev&quot;:true}\"><\/div><\/div><\/div><\/div><\/div><div class=\"x-section e543-e17 mf3-0 mf3-1 mf3-4 mf3-5\"><div class=\"x-grid x-container max width e543-e18 mf3-12 mf3-15 mf3-16\"><div class=\"x-cell e543-e19 mf3-1a mf3-1b mf3-1c\"><div class=\"x-text x-text-headline has-graphic e543-e20 mf3-e mf3-h mf3-i mf3-k mf3-l\"><div class=\"x-text-content\"><span class=\"x-graphic\" aria-hidden=\"true\"><i class=\"x-icon x-graphic-child x-graphic-icon x-graphic-primary\" aria-hidden=\"true\" data-x-icon-o=\"&#xf5fd;\"><\/i><\/span><div class=\"x-text-content-text\"><h2 class=\"x-text-content-text-primary\">Colch\u00f5es filtrantes<\/h2>\n<span class=\"x-text-content-text-subheadline\">Os colch\u00f5es de filtro BaseLok \u2122 s\u00e3o projetados especificamente para fornecer prote\u00e7\u00e3o contra abras\u00e3o em ambientes mar\u00edtimos dif\u00edceis. O tapete envolve um tecido geot\u00eaxtil dentro de seis polegadas de agregado. O tapete funciona com sucesso como um mecanismo de instala\u00e7\u00e3o para geot\u00eaxteis e pedras da cama em \u00e1guas mais profundas e correntes de alta velocidade.<\/span><\/div><\/div><\/div><\/div><div class=\"x-cell e543-e21 mf3-19 mf3-1b mf3-1d mf3-1g mf3-1h\"><div class=\"x-bg\" aria-hidden=\"true\"><div class=\"x-bg-layer-lower-color\"><\/div><div class=\"x-bg-layer-upper-image\" data-x-element-bg-layer=\"{&quot;parallaxSize&quot;:&quot;90%&quot;,&quot;parallaxDir&quot;:&quot;h&quot;,&quot;parallaxRev&quot;:false}\"><\/div><\/div><\/div><\/div><\/div><div class=\"x-section e543-e22 mf3-0 mf3-1 mf3-4 mf3-5 mf3-6\"><div class=\"x-grid x-container max width e543-e23 mf3-12 mf3-16 mf3-17\"><div class=\"x-cell e543-e24 mf3-19 mf3-1a mf3-1b\"><div class=\"x-text x-text-headline has-graphic e543-e25 mf3-e mf3-h mf3-i mf3-k mf3-l\"><div class=\"x-text-content\"><span class=\"x-graphic\" aria-hidden=\"true\"><i class=\"x-icon x-graphic-child x-graphic-icon x-graphic-primary\" aria-hidden=\"true\" data-x-icon-o=\"&#xf5ef;\"><\/i><\/span><div class=\"x-text-content-text\"><h2 class=\"x-text-content-text-primary\">Grade composta<\/h2>\n<span class=\"x-text-content-text-subheadline\">Os sistemas BaseLok \u2122 Grid Composite s\u00e3o projetados para atuar como uma camada de filtro sob o riprap e a armadura, acoplando o BaseLok \u2122 GeoGrid a um geot\u00eaxtil. Essa camada Grid Composite ajuda a impedir o assentamento diferencial durante a constru\u00e7\u00e3o de estruturas de riprap, montes de entulho e instala\u00e7\u00f5es similares em ambientes de ondas de baixa energia. As dimens\u00f5es do painel Composite da grade s\u00e3o personalizadas para atender \u00e0s dimens\u00f5es do projeto.<\/span><\/div><\/div><\/div><\/div><div class=\"x-cell e543-e26 mf3-1b mf3-1c mf3-1d mf3-1e mf3-1i\"><div class=\"x-bg\" aria-hidden=\"true\"><div class=\"x-bg-layer-lower-color\"><\/div><div class=\"x-bg-layer-upper-image\" data-x-element-bg-layer=\"{&quot;parallaxSize&quot;:&quot;90%&quot;,&quot;parallaxDir&quot;:&quot;h&quot;,&quot;parallaxRev&quot;:true}\"><\/div><\/div><\/div><\/div><\/div><div class=\"x-section e543-e27 mf3-1 mf3-4 mf3-5 mf3-7\"><div class=\"x-grid x-container max width e543-e28 mf3-12 mf3-14 mf3-18\"><div class=\"x-cell e543-e29 mf3-1a mf3-1b mf3-1c\"><div class=\"x-text x-text-headline has-graphic e543-e30 mf3-e mf3-h mf3-i mf3-k mf3-l\"><div class=\"x-text-content\"><span class=\"x-graphic\" aria-hidden=\"true\"><i class=\"x-icon x-graphic-child x-graphic-icon x-graphic-primary\" aria-hidden=\"true\" data-x-icon-o=\"&#xf1b3;\"><\/i><\/span><div class=\"x-text-content-text\"><h2 class=\"x-text-content-text-primary\">Gabi\u00f5es e Gabi\u00f5es<\/h2>\n<span class=\"x-text-content-text-subheadline\">Os gabi\u00f5es BaseLok \u2122 s\u00e3o uma solu\u00e7\u00e3o resistente e n\u00e3o corrosiva para gabi\u00f5es de arame de a\u00e7o tradicionais em \u00e1reas onde a corros\u00e3o \u00e9 antecipada. Os gabi\u00f5es e os gabi\u00f5es de gabi\u00e3o s\u00e3o normalmente concebidos para aplica\u00e7\u00f5es potenciais de alta corros\u00e3o, incluindo \u00e1gua salgada, degelo, escoamento de sal e ambientes \u00e1cidos, como a drenagem \u00e1cida de minas. Nosso design leve tamb\u00e9m torna os gabi\u00f5es ideais para projetos de acesso remoto. Os Gabions BaseLok \u2122 e \/ ou Gabion Mats podem ser personalizados por tamanho para corresponder aos par\u00e2metros do seu projeto.<\/span><\/div><\/div><\/div><\/div><div class=\"x-cell e543-e31 mf3-19 mf3-1b mf3-1d mf3-1g mf3-1j\"><div class=\"x-bg\" aria-hidden=\"true\"><div class=\"x-bg-layer-lower-color\"><\/div><div class=\"x-bg-layer-upper-image\" data-x-element-bg-layer=\"{&quot;parallaxSize&quot;:&quot;90%&quot;,&quot;parallaxDir&quot;:&quot;h&quot;,&quot;parallaxRev&quot;:false}\"><\/div><\/div><\/div><\/div><\/div><div class=\"x-section e543-e32 mf3-0 mf3-1 mf3-5 mf3-8\"><\/div><div class=\"x-section e543-e33 mf3-0 mf3-1 mf3-9\"><div class=\"x-container max width e543-e34 mf3-b\"><div class=\"x-column x-sm x-1-1 e543-e35 mf3-c mf3-d\"><div class=\"x-text x-text-headline e543-e36 mf3-e mf3-g mf3-i mf3-m\"><div class=\"x-text-content\"><div class=\"x-text-content-text\"><h3 class=\"x-text-content-text-primary\">Transfer\u00eancias<\/h3>\n<\/div><\/div><\/div><hr class=\"x-line e543-e37 mf3-z mf3-10\"\/><a class=\"x-anchor x-anchor-button has-graphic e543-e38 mf3-1k mf3-1l\" tabindex=\"0\" href=\"https:\/\/online.flipbuilder.com\/unkh\/tiey\/\" target=\"_blank\" rel=\"noopener noreferrer\"><div class=\"x-anchor-content\"><span class=\"x-graphic\" aria-hidden=\"true\"><i data-x-single-anim=\"x-flip-y\" class=\"x-icon x-graphic-child x-graphic-icon x-graphic-primary\" aria-hidden=\"true\" data-x-icon-s=\"&#xf518;\"><\/i><\/span><div class=\"x-anchor-text\"><span class=\"x-anchor-text-primary\">Brochura de vis\u00e3o geral<\/span><span class=\"x-anchor-text-secondary\">Flipbook interativo<\/span><\/div><\/div><\/a><hr class=\"x-line x-hide-lg x-hide-md x-hide-sm x-hide-xl e543-e39 mf3-z mf3-10\"\/><a class=\"x-anchor x-anchor-button has-graphic e543-e40 mf3-1k mf3-1l\" tabindex=\"0\" href=\"\/wp-content\/downloads\/Marine\/BRO_MARINE2.pdf\" target=\"_blank\" rel=\"noopener noreferrer\"><div class=\"x-anchor-content\"><span class=\"x-graphic\" aria-hidden=\"true\"><i data-x-single-anim=\"x-flip-y\" class=\"x-icon x-graphic-child x-graphic-icon x-graphic-primary\" aria-hidden=\"true\" data-x-icon-s=\"&#xf019;\"><\/i><\/span><div class=\"x-anchor-text\"><span class=\"x-anchor-text-primary\">Brochura de vis\u00e3o geral<\/span><span class=\"x-anchor-text-secondary\">Download do PDF<\/span><\/div><\/div><\/a><hr class=\"x-line e543-e41 mf3-z mf3-10\"\/><div class=\"x-row e543-e42 mf3-n mf3-o mf3-r mf3-t\"><div class=\"x-row-inner\"><div class=\"x-col e543-e43 mf3-w\"><div class=\"x-row e543-e44 mf3-n mf3-o mf3-r mf3-u\"><div class=\"x-row-inner\"><div class=\"x-col e543-e45 mf3-w\"><hr class=\"x-line e543-e46 mf3-z mf3-10\"\/><a class=\"x-anchor x-anchor-button has-graphic e543-e47 mf3-1k mf3-1m\" tabindex=\"0\" href=\"\/wp-content\/downloads\/Marine\/BaseLok%20Marine%20MBX3030.pdf\" target=\"_blank\" rel=\"noopener noreferrer\"><div class=\"x-anchor-content\"><span class=\"x-graphic\" aria-hidden=\"true\"><i data-x-single-anim=\"x-flip-y\" class=\"x-icon x-graphic-child x-graphic-icon x-graphic-primary\" aria-hidden=\"true\" data-x-icon-s=\"&#xf019;\"><\/i><\/span><div class=\"x-anchor-text\"><span class=\"x-anchor-text-primary\">MBX3030<\/span><\/div><\/div><\/a><hr class=\"x-line e543-e48 mf3-z mf3-10\"\/><a class=\"x-anchor x-anchor-button has-graphic e543-e49 mf3-1k mf3-1m\" tabindex=\"0\" href=\"\/wp-content\/downloads\/Marine\/BaseLok%20Marine%20MBX3030L.pdf\" target=\"_blank\" rel=\"noopener noreferrer\"><div class=\"x-anchor-content\"><span class=\"x-graphic\" aria-hidden=\"true\"><i data-x-single-anim=\"x-flip-y\" class=\"x-icon x-graphic-child x-graphic-icon x-graphic-primary\" aria-hidden=\"true\" data-x-icon-s=\"&#xf019;\"><\/i><\/span><div class=\"x-anchor-text\"><span class=\"x-anchor-text-primary\">MBX3030L<\/span><\/div><\/div><\/a><\/div><div class=\"x-col e543-e50 mf3-w\"><a class=\"x-anchor x-anchor-button has-graphic e543-e51 mf3-1k mf3-1m\" tabindex=\"0\" href=\"\/wp-content\/downloads\/Marine\/BaseLok%20Marine%20MUX100.pdf\" target=\"_blank\" rel=\"noopener noreferrer\"><div class=\"x-anchor-content\"><span class=\"x-graphic\" aria-hidden=\"true\"><i data-x-single-anim=\"x-flip-y\" class=\"x-icon x-graphic-child x-graphic-icon x-graphic-primary\" aria-hidden=\"true\" data-x-icon-s=\"&#xf019;\"><\/i><\/span><div class=\"x-anchor-text\"><span class=\"x-anchor-text-primary\">MUX100<\/span><\/div><\/div><\/a><hr class=\"x-line e543-e52 mf3-z mf3-10\"\/><a class=\"x-anchor x-anchor-button has-graphic e543-e53 mf3-1k mf3-1m\" tabindex=\"0\" href=\"\/wp-content\/downloads\/Marine\/BaseLok%20Marine%20MUX200.pdf\" target=\"_blank\" rel=\"noopener noreferrer\"><div class=\"x-anchor-content\"><span class=\"x-graphic\" aria-hidden=\"true\"><i data-x-single-anim=\"x-flip-y\" class=\"x-icon x-graphic-child x-graphic-icon x-graphic-primary\" aria-hidden=\"true\" data-x-icon-s=\"&#xf019;\"><\/i><\/span><div class=\"x-anchor-text\"><span class=\"x-anchor-text-primary\">MUX200<\/span><\/div><\/div><\/a><hr class=\"x-line e543-e54 mf3-z mf3-10\"\/><a class=\"x-anchor x-anchor-button has-graphic e543-e55 mf3-1k mf3-1m\" tabindex=\"0\" href=\"\/wp-content\/downloads\/Marine\/BaseLok%20Marine%20MUX300.pdf\" target=\"_blank\" rel=\"noopener noreferrer\"><div class=\"x-anchor-content\"><span class=\"x-graphic\" aria-hidden=\"true\"><i data-x-single-anim=\"x-flip-y\" class=\"x-icon x-graphic-child x-graphic-icon x-graphic-primary\" aria-hidden=\"true\" data-x-icon-s=\"&#xf019;\"><\/i><\/span><div class=\"x-anchor-text\"><span class=\"x-anchor-text-primary\">MUX300<\/span><\/div><\/div><\/a><\/div><\/div><\/div><\/div><\/div><\/div><\/div><\/div><\/div><div class=\"x-section e543-e56 mf3-0 mf3-1 mf3-4 mf3-5\"><div class=\"x-row x-container max width e543-e57 mf3-n mf3-p mf3-q mf3-r mf3-v\"><div class=\"x-row-inner\"><div class=\"x-col e543-e58 mf3-w\"><div class=\"cs-content x-global-block x-global-block-1257 e543-e59\"><div class=\"x-section e1257-e1 myx-0\"><div class=\"x-container e1257-e2 myx-1 myx-2 myx-3\"><div class=\"x-column x-sm x-1-1 e1257-e3 myx-6 myx-7\"><hr class=\"x-line e1257-e4 myx-9\"\/><\/div><\/div><div class=\"x-container e1257-e5 myx-1 myx-2 myx-4\"><div class=\"x-column x-sm x-1-1 e1257-e6 myx-6 myx-7\"><div class=\"x-text x-text-headline e1257-e7 myx-a\"><div class=\"x-text-content\"><div class=\"x-text-content-text\"><h6 class=\"x-text-content-text-primary\">Iniciar.<\/h6>\n<span class=\"x-text-content-text-subheadline\">Leve seu projeto para o pr\u00f3ximo n\u00edvel<\/span><\/div><\/div><\/div><div class=\"x-container e1257-e8 myx-1 myx-3 myx-5\"><div class=\"x-column x-sm x-1-2 e1257-e9 myx-6 myx-8\"><a class=\"x-anchor x-anchor-button e1257-e10 myx-b\" tabindex=\"0\" href=\"https:\/\/baselok.com\/project-worksheets\/\"><div class=\"x-anchor-content\"><div class=\"x-anchor-text\"><span class=\"x-anchor-text-primary\">LET US HELP YOU<br \/>WITH YOUR PROJECT<\/span><\/div><\/div><\/a><\/div><div class=\"x-column x-sm x-1-2 e1257-e11 myx-6 myx-8\"><a class=\"x-anchor x-anchor-button e1257-e12 myx-b\" tabindex=\"0\" href=\"https:\/\/baselok.com\/request-a-product-submittal\/\"><div class=\"x-anchor-content\"><div class=\"x-anchor-text\"><span class=\"x-anchor-text-primary\">REQUEST A<br \/>PRODUCT SUBMITTAL<\/span><\/div><\/div><\/a><\/div><\/div><\/div><\/div><\/div><\/div><\/div><\/div><\/div><\/div><\/div>","protected":false},"excerpt":{"rendered":"<p>Marine SHORELINE, COASTAL &#038; WATERWAYWhen dealing with construction projects in or around water, BaseLok\u2122 technologies showcase a line of dependable composite marine structures. We incorporate top-quality geogrids and geotextiles to create products designed to enhance the constructability and longevity of coastal and marine structures. With enhanced hydraulic capabilities and superior engineering, BaseLok\u2122 solutions diminish costs in comparison to other alternatives.Products &#8230; <a href=\"https:\/\/baselok.com\/pt\/marine\/\" class=\"more-link\">consulte Mais informa\u00e7\u00e3o<\/a><\/p>","protected":false},"author":1,"featured_media":0,"parent":0,"menu_order":0,"comment_status":"closed","ping_status":"closed","template":"template-blank-4.php","meta":{"footnotes":""},"class_list":["post-543","page","type-page","status-publish","hentry","no-post-thumbnail"],"yoast_head":"<!-- This site is optimized with the Yoast SEO plugin v26.5 - https:\/\/yoast.com\/wordpress\/plugins\/seo\/ -->\n<title>Marine - BaseLok\u2122<\/title>\n<meta name=\"robots\" content=\"index, follow, max-snippet:-1, max-image-preview:large, max-video-preview:-1\" \/>\n<link rel=\"canonical\" href=\"https:\/\/baselok.com\/pt\/marine\/\" \/>\n<meta property=\"og:locale\" content=\"pt_BR\" \/>\n<meta property=\"og:type\" content=\"article\" \/>\n<meta property=\"og:title\" content=\"Marine - BaseLok\u2122\" \/>\n<meta property=\"og:description\" content=\"Marine SHORELINE, COASTAL &amp; WATERWAYWhen dealing with construction projects in or around water, BaseLok\u2122 technologies showcase a line of dependable composite marine structures. We incorporate top-quality geogrids and geotextiles to create products designed to enhance the constructability and longevity of coastal and marine structures. With enhanced hydraulic capabilities and superior engineering, BaseLok\u2122 solutions diminish costs in comparison to other alternatives.Products ... Read More\" \/>\n<meta property=\"og:url\" content=\"https:\/\/baselok.com\/pt\/marine\/\" \/>\n<meta property=\"og:site_name\" content=\"BaseLok\u2122\" \/>\n<meta property=\"article:modified_time\" content=\"2024-08-26T16:11:07+00:00\" \/>\n<meta name=\"twitter:card\" content=\"summary_large_image\" \/>\n<meta name=\"twitter:label1\" content=\"Est. tempo de leitura\" \/>\n\t<meta name=\"twitter:data1\" content=\"4 minutos\" \/>\n<script type=\"application\/ld+json\" class=\"yoast-schema-graph\">{\"@context\":\"https:\/\/schema.org\",\"@graph\":[{\"@type\":\"WebPage\",\"@id\":\"https:\/\/baselok.com\/marine\/\",\"url\":\"https:\/\/baselok.com\/marine\/\",\"name\":\"Marine - BaseLok\u2122\",\"isPartOf\":{\"@id\":\"https:\/\/baselok.com\/#website\"},\"datePublished\":\"2020-06-10T14:01:27+00:00\",\"dateModified\":\"2024-08-26T16:11:07+00:00\",\"breadcrumb\":{\"@id\":\"https:\/\/baselok.com\/marine\/#breadcrumb\"},\"inLanguage\":\"pt-BR\",\"potentialAction\":[{\"@type\":\"ReadAction\",\"target\":[\"https:\/\/baselok.com\/marine\/\"]}]},{\"@type\":\"BreadcrumbList\",\"@id\":\"https:\/\/baselok.com\/marine\/#breadcrumb\",\"itemListElement\":[{\"@type\":\"ListItem\",\"position\":1,\"name\":\"Home\",\"item\":\"https:\/\/baselok.com\/\"},{\"@type\":\"ListItem\",\"position\":2,\"name\":\"Marine\"}]},{\"@type\":\"WebSite\",\"@id\":\"https:\/\/baselok.com\/#website\",\"url\":\"https:\/\/baselok.com\/\",\"name\":\"BaseLok\u2122\",\"description\":\"by Industrial Fabrics, Inc.\",\"publisher\":{\"@id\":\"https:\/\/baselok.com\/#organization\"},\"potentialAction\":[{\"@type\":\"SearchAction\",\"target\":{\"@type\":\"EntryPoint\",\"urlTemplate\":\"https:\/\/baselok.com\/?s={search_term_string}\"},\"query-input\":{\"@type\":\"PropertyValueSpecification\",\"valueRequired\":true,\"valueName\":\"search_term_string\"}}],\"inLanguage\":\"pt-BR\"},{\"@type\":\"Organization\",\"@id\":\"https:\/\/baselok.com\/#organization\",\"name\":\"BaseLok\u2122 by Industrial Fabrics, Inc.\",\"url\":\"https:\/\/baselok.com\/\",\"logo\":{\"@type\":\"ImageObject\",\"inLanguage\":\"pt-BR\",\"@id\":\"https:\/\/baselok.com\/#\/schema\/logo\/image\/\",\"url\":\"https:\/\/baselok.com\/wp-content\/uploads\/2020\/06\/BaseLok-with-IF_logo.png\",\"contentUrl\":\"https:\/\/baselok.com\/wp-content\/uploads\/2020\/06\/BaseLok-with-IF_logo.png\",\"width\":684,\"height\":153,\"caption\":\"BaseLok\u2122 by Industrial Fabrics, Inc.\"},\"image\":{\"@id\":\"https:\/\/baselok.com\/#\/schema\/logo\/image\/\"},\"sameAs\":[\"https:\/\/www.linkedin.com\/company\/baselok\/\",\"https:\/\/www.youtube.com\/channel\/UCsGvLiv9trUrwBbwWoVaiNg\"]}]}<\/script>\n<!-- \/ Yoast SEO plugin. -->","yoast_head_json":{"title":"Marine - BaseLok\u2122","robots":{"index":"index","follow":"follow","max-snippet":"max-snippet:-1","max-image-preview":"max-image-preview:large","max-video-preview":"max-video-preview:-1"},"canonical":"https:\/\/baselok.com\/pt\/marine\/","og_locale":"pt_BR","og_type":"article","og_title":"Marine - BaseLok\u2122","og_description":"Marine SHORELINE, COASTAL & WATERWAYWhen dealing with construction projects in or around water, BaseLok\u2122 technologies showcase a line of dependable composite marine structures. We incorporate top-quality geogrids and geotextiles to create products designed to enhance the constructability and longevity of coastal and marine structures. With enhanced hydraulic capabilities and superior engineering, BaseLok\u2122 solutions diminish costs in comparison to other alternatives.Products ... Read More","og_url":"https:\/\/baselok.com\/pt\/marine\/","og_site_name":"BaseLok\u2122","article_modified_time":"2024-08-26T16:11:07+00:00","twitter_card":"summary_large_image","twitter_misc":{"Est. tempo de leitura":"4 minutos"},"schema":{"@context":"https:\/\/schema.org","@graph":[{"@type":"WebPage","@id":"https:\/\/baselok.com\/marine\/","url":"https:\/\/baselok.com\/marine\/","name":"Marine - BaseLok\u2122","isPartOf":{"@id":"https:\/\/baselok.com\/#website"},"datePublished":"2020-06-10T14:01:27+00:00","dateModified":"2024-08-26T16:11:07+00:00","breadcrumb":{"@id":"https:\/\/baselok.com\/marine\/#breadcrumb"},"inLanguage":"pt-BR","potentialAction":[{"@type":"ReadAction","target":["https:\/\/baselok.com\/marine\/"]}]},{"@type":"BreadcrumbList","@id":"https:\/\/baselok.com\/marine\/#breadcrumb","itemListElement":[{"@type":"ListItem","position":1,"name":"Home","item":"https:\/\/baselok.com\/"},{"@type":"ListItem","position":2,"name":"Marine"}]},{"@type":"WebSite","@id":"https:\/\/baselok.com\/#website","url":"https:\/\/baselok.com\/","name":"BaseLok\u2122","description":"by Industrial Fabrics, Inc.","publisher":{"@id":"https:\/\/baselok.com\/#organization"},"potentialAction":[{"@type":"SearchAction","target":{"@type":"EntryPoint","urlTemplate":"https:\/\/baselok.com\/?s={search_term_string}"},"query-input":{"@type":"PropertyValueSpecification","valueRequired":true,"valueName":"search_term_string"}}],"inLanguage":"pt-BR"},{"@type":"Organization","@id":"https:\/\/baselok.com\/#organization","name":"BaseLok\u2122 da Industrial Fabrics, Inc.","url":"https:\/\/baselok.com\/","logo":{"@type":"ImageObject","inLanguage":"pt-BR","@id":"https:\/\/baselok.com\/#\/schema\/logo\/image\/","url":"https:\/\/baselok.com\/wp-content\/uploads\/2020\/06\/BaseLok-with-IF_logo.png","contentUrl":"https:\/\/baselok.com\/wp-content\/uploads\/2020\/06\/BaseLok-with-IF_logo.png","width":684,"height":153,"caption":"BaseLok\u2122 by Industrial Fabrics, Inc."},"image":{"@id":"https:\/\/baselok.com\/#\/schema\/logo\/image\/"},"sameAs":["https:\/\/www.linkedin.com\/company\/baselok\/","https:\/\/www.youtube.com\/channel\/UCsGvLiv9trUrwBbwWoVaiNg"]}]}},"jetpack_sharing_enabled":true,"_links":{"self":[{"href":"https:\/\/baselok.com\/pt\/wp-json\/wp\/v2\/pages\/543","targetHints":{"allow":["GET"]}}],"collection":[{"href":"https:\/\/baselok.com\/pt\/wp-json\/wp\/v2\/pages"}],"about":[{"href":"https:\/\/baselok.com\/pt\/wp-json\/wp\/v2\/types\/page"}],"author":[{"embeddable":true,"href":"https:\/\/baselok.com\/pt\/wp-json\/wp\/v2\/users\/1"}],"replies":[{"embeddable":true,"href":"https:\/\/baselok.com\/pt\/wp-json\/wp\/v2\/comments?post=543"}],"version-history":[{"count":11,"href":"https:\/\/baselok.com\/pt\/wp-json\/wp\/v2\/pages\/543\/revisions"}],"predecessor-version":[{"id":15246,"href":"https:\/\/baselok.com\/pt\/wp-json\/wp\/v2\/pages\/543\/revisions\/15246"}],"wp:attachment":[{"href":"https:\/\/baselok.com\/pt\/wp-json\/wp\/v2\/media?parent=543"}],"curies":[{"name":"wp","href":"https:\/\/api.w.org\/{rel}","templated":true}]}}