{"id":543,"date":"2020-06-10T09:01:27","date_gmt":"2020-06-10T14:01:27","guid":{"rendered":"https:\/\/baselok.com\/?page_id=543"},"modified":"2024-08-26T11:11:07","modified_gmt":"2024-08-26T16:11:07","slug":"marine","status":"publish","type":"page","link":"https:\/\/baselok.com\/es\/marine\/","title":{"rendered":"Marina"},"content":{"rendered":"<div id=\"cs-content\" class=\"cs-content\"><div class=\"x-section e543-e1 mf3-0 mf3-1 mf3-2\"><div class=\"x-bg\" aria-hidden=\"true\"><div class=\"x-bg-layer-lower-image\" data-x-element-bg-layer=\"{&quot;parallaxSize&quot;:&quot;150%&quot;,&quot;parallaxDir&quot;:&quot;v&quot;,&quot;parallaxRev&quot;:false}\"><\/div><div class=\"x-bg-layer-upper-color\"><\/div><\/div><div class=\"x-container e543-e2 mf3-a mf3-b\"><div class=\"x-column x-sm x-1-1 e543-e3 mf3-c\"><div class=\"x-text x-text-headline e543-e4 mf3-e mf3-f mf3-g mf3-h\"><div class=\"x-text-content\"><div class=\"x-text-content-text\"><h1 class=\"x-text-content-text-primary\">Marina<\/h1>\n<h6 class=\"x-text-content-text-subheadline\">L\u00cdNEA COSTERA, COSTERA Y V\u00cdA ACU\u00c1TICA<\/h6><\/div><\/div><\/div><\/div><\/div><\/div><div class=\"x-section e543-e5 mf3-0 mf3-1 mf3-3 mf3-4\"><div class=\"x-row x-container max width e543-e6 mf3-n mf3-o mf3-p mf3-r mf3-s\"><div class=\"x-row-inner\"><div class=\"x-col e543-e7 mf3-w mf3-x\"><div class=\"x-text x-content e543-e8 mf3-y\">Cuando se trata de proyectos de construcci\u00f3n dentro o alrededor del agua, las tecnolog\u00edas BaseLok \u2122 muestran una l\u00ednea de estructuras marinas compuestas confiables. Incorporamos geomallas y geotextiles de alta calidad para crear productos dise\u00f1ados para mejorar la capacidad de construcci\u00f3n y la longevidad de las estructuras costeras y marinas. Con capacidades hidr\u00e1ulicas mejoradas y una ingenier\u00eda superior, las soluciones BaseLok \u2122 disminuyen los costos en comparaci\u00f3n con otras alternativas.<\/div><hr class=\"x-line e543-e9 mf3-z mf3-10\"\/><div class=\"x-text x-text-headline e543-e10 mf3-e mf3-i mf3-j mf3-k\"><div class=\"x-text-content\"><div class=\"x-text-content-text\"><h1 class=\"x-text-content-text-primary\">Productos<\/h1>\n<\/div><\/div><\/div><hr class=\"x-line x-hide-lg x-hide-md x-hide-xl e543-e11 mf3-10 mf3-11\"\/><\/div><\/div><\/div><\/div><div class=\"x-section e543-e12 mf3-0 mf3-1 mf3-4 mf3-5 mf3-6\"><div class=\"x-grid x-container max width e543-e13 mf3-12 mf3-13 mf3-14 mf3-15\"><div class=\"x-cell e543-e14 mf3-19 mf3-1a mf3-1b\"><div class=\"x-text x-text-headline has-graphic e543-e15 mf3-e mf3-h mf3-i mf3-k mf3-l\"><div class=\"x-text-content\"><span class=\"x-graphic\" aria-hidden=\"true\"><i class=\"x-icon x-graphic-child x-graphic-icon x-graphic-primary\" aria-hidden=\"true\" data-x-icon-o=\"&#xf773;\"><\/i><\/span><div class=\"x-text-content-text\"><h2 class=\"x-text-content-text-primary\">Colchones marinos<\/h2>\n<span class=\"x-text-content-text-subheadline\">El sistema de colchones marinos BaseLok \u2122 est\u00e1 dise\u00f1ado para soportar condiciones duras y perpetuamente cambiantes que se encuentran en la mayor\u00eda de los proyectos de construcci\u00f3n costera y fluvial. La flexibilidad de los colchones les permite doblarse al contorno de la subrasante del proyecto, proporcionando una protecci\u00f3n superior contra la abrasi\u00f3n en comparaci\u00f3n con otros revestimientos fabricados. Los colchones marinos BaseLok \u2122 est\u00e1n espec\u00edficamente dise\u00f1ados para resistir la degradaci\u00f3n por factores qu\u00edmicos, biol\u00f3gicos y ambientales, haci\u00e9ndolos \u00f3ptimos para su uso en proyectos de exposici\u00f3n al agua salada, escorrent\u00eda industrial y remediaci\u00f3n de sedimentos.<\/span><\/div><\/div><\/div><\/div><div class=\"x-cell e543-e16 mf3-1b mf3-1c mf3-1d mf3-1e mf3-1f\"><div class=\"x-bg\" aria-hidden=\"true\"><div class=\"x-bg-layer-lower-color\"><\/div><div class=\"x-bg-layer-upper-image\" data-x-element-bg-layer=\"{&quot;parallaxSize&quot;:&quot;90%&quot;,&quot;parallaxDir&quot;:&quot;h&quot;,&quot;parallaxRev&quot;:true}\"><\/div><\/div><\/div><\/div><\/div><div class=\"x-section e543-e17 mf3-0 mf3-1 mf3-4 mf3-5\"><div class=\"x-grid x-container max width e543-e18 mf3-12 mf3-15 mf3-16\"><div class=\"x-cell e543-e19 mf3-1a mf3-1b mf3-1c\"><div class=\"x-text x-text-headline has-graphic e543-e20 mf3-e mf3-h mf3-i mf3-k mf3-l\"><div class=\"x-text-content\"><span class=\"x-graphic\" aria-hidden=\"true\"><i class=\"x-icon x-graphic-child x-graphic-icon x-graphic-primary\" aria-hidden=\"true\" data-x-icon-o=\"&#xf5fd;\"><\/i><\/span><div class=\"x-text-content-text\"><h2 class=\"x-text-content-text-primary\">Filtrar Colchones<\/h2>\n<span class=\"x-text-content-text-subheadline\">Los colchones con filtro BaseLok \u2122 est\u00e1n dise\u00f1ados espec\u00edficamente para proporcionar protecci\u00f3n contra la abrasi\u00f3n en entornos marinos dif\u00edciles. El tapete encierra una tela geotextil dentro de seis pulgadas de agregado. La alfombrilla funciona con \u00e9xito como mecanismo de instalaci\u00f3n para geotextil y piedra de cama en aguas m\u00e1s profundas y corrientes de alta velocidad.<\/span><\/div><\/div><\/div><\/div><div class=\"x-cell e543-e21 mf3-19 mf3-1b mf3-1d mf3-1g mf3-1h\"><div class=\"x-bg\" aria-hidden=\"true\"><div class=\"x-bg-layer-lower-color\"><\/div><div class=\"x-bg-layer-upper-image\" data-x-element-bg-layer=\"{&quot;parallaxSize&quot;:&quot;90%&quot;,&quot;parallaxDir&quot;:&quot;h&quot;,&quot;parallaxRev&quot;:false}\"><\/div><\/div><\/div><\/div><\/div><div class=\"x-section e543-e22 mf3-0 mf3-1 mf3-4 mf3-5 mf3-6\"><div class=\"x-grid x-container max width e543-e23 mf3-12 mf3-16 mf3-17\"><div class=\"x-cell e543-e24 mf3-19 mf3-1a mf3-1b\"><div class=\"x-text x-text-headline has-graphic e543-e25 mf3-e mf3-h mf3-i mf3-k mf3-l\"><div class=\"x-text-content\"><span class=\"x-graphic\" aria-hidden=\"true\"><i class=\"x-icon x-graphic-child x-graphic-icon x-graphic-primary\" aria-hidden=\"true\" data-x-icon-o=\"&#xf5ef;\"><\/i><\/span><div class=\"x-text-content-text\"><h2 class=\"x-text-content-text-primary\">Compuesto de rejilla<\/h2>\n<span class=\"x-text-content-text-subheadline\">Los sistemas BaseLok \u2122 Grid Composite est\u00e1n dise\u00f1ados para actuar como una capa de filtro debajo de la rasgadura y la piedra de armadura al acoplar BaseLok \u2122 GeoGrid con un geotextil. Esta capa Grid Composite ayuda a evitar el asentamiento diferencial durante la construcci\u00f3n de riprap, estructuras de mont\u00edculos de escombros e instalaciones similares en entornos de olas de baja energ\u00eda. Las dimensiones del panel Grid Composite se personalizan para cumplir con las dimensiones del proyecto.<\/span><\/div><\/div><\/div><\/div><div class=\"x-cell e543-e26 mf3-1b mf3-1c mf3-1d mf3-1e mf3-1i\"><div class=\"x-bg\" aria-hidden=\"true\"><div class=\"x-bg-layer-lower-color\"><\/div><div class=\"x-bg-layer-upper-image\" data-x-element-bg-layer=\"{&quot;parallaxSize&quot;:&quot;90%&quot;,&quot;parallaxDir&quot;:&quot;h&quot;,&quot;parallaxRev&quot;:true}\"><\/div><\/div><\/div><\/div><\/div><div class=\"x-section e543-e27 mf3-1 mf3-4 mf3-5 mf3-7\"><div class=\"x-grid x-container max width e543-e28 mf3-12 mf3-14 mf3-18\"><div class=\"x-cell e543-e29 mf3-1a mf3-1b mf3-1c\"><div class=\"x-text x-text-headline has-graphic e543-e30 mf3-e mf3-h mf3-i mf3-k mf3-l\"><div class=\"x-text-content\"><span class=\"x-graphic\" aria-hidden=\"true\"><i class=\"x-icon x-graphic-child x-graphic-icon x-graphic-primary\" aria-hidden=\"true\" data-x-icon-o=\"&#xf1b3;\"><\/i><\/span><div class=\"x-text-content-text\"><h2 class=\"x-text-content-text-primary\">Gaviones y esteras de gaviones<\/h2>\n<span class=\"x-text-content-text-subheadline\">Los gaviones BaseLok \u2122 son una soluci\u00f3n resistente y no corrosiva para los gaviones de alambre de acero tradicionales en \u00e1reas donde se anticipa corrosi\u00f3n. Los gaviones y las gaviones son t\u00edpicamente dise\u00f1ados para aplicaciones potenciales de alta corrosi\u00f3n, incluyendo agua salada, deshielo, escorrent\u00eda de sal y ambientes \u00e1cidos como el drenaje \u00e1cido de minas. Nuestro dise\u00f1o liviano tambi\u00e9n hace que las alfombras de gaviones sean \u00f3ptimas para proyectos de acceso remoto. Los gaviones y \/ o tapetes Gabion de BaseLok \u2122 se pueden personalizar por tama\u00f1o para que coincidan con los par\u00e1metros de su proyecto.<\/span><\/div><\/div><\/div><\/div><div class=\"x-cell e543-e31 mf3-19 mf3-1b mf3-1d mf3-1g mf3-1j\"><div class=\"x-bg\" aria-hidden=\"true\"><div class=\"x-bg-layer-lower-color\"><\/div><div class=\"x-bg-layer-upper-image\" data-x-element-bg-layer=\"{&quot;parallaxSize&quot;:&quot;90%&quot;,&quot;parallaxDir&quot;:&quot;h&quot;,&quot;parallaxRev&quot;:false}\"><\/div><\/div><\/div><\/div><\/div><div class=\"x-section e543-e32 mf3-0 mf3-1 mf3-5 mf3-8\"><\/div><div class=\"x-section e543-e33 mf3-0 mf3-1 mf3-9\"><div class=\"x-container max width e543-e34 mf3-b\"><div class=\"x-column x-sm x-1-1 e543-e35 mf3-c mf3-d\"><div class=\"x-text x-text-headline e543-e36 mf3-e mf3-g mf3-i mf3-m\"><div class=\"x-text-content\"><div class=\"x-text-content-text\"><h3 class=\"x-text-content-text-primary\">Descargas<\/h3>\n<\/div><\/div><\/div><hr class=\"x-line e543-e37 mf3-z mf3-10\"\/><a class=\"x-anchor x-anchor-button has-graphic e543-e38 mf3-1k mf3-1l\" tabindex=\"0\" href=\"https:\/\/online.flipbuilder.com\/unkh\/tiey\/\" target=\"_blank\" rel=\"noopener noreferrer\"><div class=\"x-anchor-content\"><span class=\"x-graphic\" aria-hidden=\"true\"><i data-x-single-anim=\"x-flip-y\" class=\"x-icon x-graphic-child x-graphic-icon x-graphic-primary\" aria-hidden=\"true\" data-x-icon-s=\"&#xf518;\"><\/i><\/span><div class=\"x-anchor-text\"><span class=\"x-anchor-text-primary\">Folleto general<\/span><span class=\"x-anchor-text-secondary\">Flipbook interactivo<\/span><\/div><\/div><\/a><hr class=\"x-line x-hide-lg x-hide-md x-hide-sm x-hide-xl e543-e39 mf3-z mf3-10\"\/><a class=\"x-anchor x-anchor-button has-graphic e543-e40 mf3-1k mf3-1l\" tabindex=\"0\" href=\"\/wp-content\/downloads\/Marine\/BRO_MARINE2.pdf\" target=\"_blank\" rel=\"noopener noreferrer\"><div class=\"x-anchor-content\"><span class=\"x-graphic\" aria-hidden=\"true\"><i data-x-single-anim=\"x-flip-y\" class=\"x-icon x-graphic-child x-graphic-icon x-graphic-primary\" aria-hidden=\"true\" data-x-icon-s=\"&#xf019;\"><\/i><\/span><div class=\"x-anchor-text\"><span class=\"x-anchor-text-primary\">Folleto general<\/span><span class=\"x-anchor-text-secondary\">Descargar PDF<\/span><\/div><\/div><\/a><hr class=\"x-line e543-e41 mf3-z mf3-10\"\/><div class=\"x-row e543-e42 mf3-n mf3-o mf3-r mf3-t\"><div class=\"x-row-inner\"><div class=\"x-col e543-e43 mf3-w\"><div class=\"x-row e543-e44 mf3-n mf3-o mf3-r mf3-u\"><div class=\"x-row-inner\"><div class=\"x-col e543-e45 mf3-w\"><hr class=\"x-line e543-e46 mf3-z mf3-10\"\/><a class=\"x-anchor x-anchor-button has-graphic e543-e47 mf3-1k mf3-1m\" tabindex=\"0\" href=\"\/wp-content\/downloads\/Marine\/BaseLok%20Marine%20MBX3030.pdf\" target=\"_blank\" rel=\"noopener noreferrer\"><div class=\"x-anchor-content\"><span class=\"x-graphic\" aria-hidden=\"true\"><i data-x-single-anim=\"x-flip-y\" class=\"x-icon x-graphic-child x-graphic-icon x-graphic-primary\" aria-hidden=\"true\" data-x-icon-s=\"&#xf019;\"><\/i><\/span><div class=\"x-anchor-text\"><span class=\"x-anchor-text-primary\">MBX3030<\/span><\/div><\/div><\/a><hr class=\"x-line e543-e48 mf3-z mf3-10\"\/><a class=\"x-anchor x-anchor-button has-graphic e543-e49 mf3-1k mf3-1m\" tabindex=\"0\" href=\"\/wp-content\/downloads\/Marine\/BaseLok%20Marine%20MBX3030L.pdf\" target=\"_blank\" rel=\"noopener noreferrer\"><div class=\"x-anchor-content\"><span class=\"x-graphic\" aria-hidden=\"true\"><i data-x-single-anim=\"x-flip-y\" class=\"x-icon x-graphic-child x-graphic-icon x-graphic-primary\" aria-hidden=\"true\" data-x-icon-s=\"&#xf019;\"><\/i><\/span><div class=\"x-anchor-text\"><span class=\"x-anchor-text-primary\">MBX3030L<\/span><\/div><\/div><\/a><\/div><div class=\"x-col e543-e50 mf3-w\"><a class=\"x-anchor x-anchor-button has-graphic e543-e51 mf3-1k mf3-1m\" tabindex=\"0\" href=\"\/wp-content\/downloads\/Marine\/BaseLok%20Marine%20MUX100.pdf\" target=\"_blank\" rel=\"noopener noreferrer\"><div class=\"x-anchor-content\"><span class=\"x-graphic\" aria-hidden=\"true\"><i data-x-single-anim=\"x-flip-y\" class=\"x-icon x-graphic-child x-graphic-icon x-graphic-primary\" aria-hidden=\"true\" data-x-icon-s=\"&#xf019;\"><\/i><\/span><div class=\"x-anchor-text\"><span class=\"x-anchor-text-primary\">MUX100<\/span><\/div><\/div><\/a><hr class=\"x-line e543-e52 mf3-z mf3-10\"\/><a class=\"x-anchor x-anchor-button has-graphic e543-e53 mf3-1k mf3-1m\" tabindex=\"0\" href=\"\/wp-content\/downloads\/Marine\/BaseLok%20Marine%20MUX200.pdf\" target=\"_blank\" rel=\"noopener noreferrer\"><div class=\"x-anchor-content\"><span class=\"x-graphic\" aria-hidden=\"true\"><i data-x-single-anim=\"x-flip-y\" class=\"x-icon x-graphic-child x-graphic-icon x-graphic-primary\" aria-hidden=\"true\" data-x-icon-s=\"&#xf019;\"><\/i><\/span><div class=\"x-anchor-text\"><span class=\"x-anchor-text-primary\">MUX200<\/span><\/div><\/div><\/a><hr class=\"x-line e543-e54 mf3-z mf3-10\"\/><a class=\"x-anchor x-anchor-button has-graphic e543-e55 mf3-1k mf3-1m\" tabindex=\"0\" href=\"\/wp-content\/downloads\/Marine\/BaseLok%20Marine%20MUX300.pdf\" target=\"_blank\" rel=\"noopener noreferrer\"><div class=\"x-anchor-content\"><span class=\"x-graphic\" aria-hidden=\"true\"><i data-x-single-anim=\"x-flip-y\" class=\"x-icon x-graphic-child x-graphic-icon x-graphic-primary\" aria-hidden=\"true\" data-x-icon-s=\"&#xf019;\"><\/i><\/span><div class=\"x-anchor-text\"><span class=\"x-anchor-text-primary\">MUX300<\/span><\/div><\/div><\/a><\/div><\/div><\/div><\/div><\/div><\/div><\/div><\/div><\/div><div class=\"x-section e543-e56 mf3-0 mf3-1 mf3-4 mf3-5\"><div class=\"x-row x-container max width e543-e57 mf3-n mf3-p mf3-q mf3-r mf3-v\"><div class=\"x-row-inner\"><div class=\"x-col e543-e58 mf3-w\"><div class=\"cs-content x-global-block x-global-block-1257 e543-e59\"><div class=\"x-section e1257-e1 myx-0\"><div class=\"x-container e1257-e2 myx-1 myx-2 myx-3\"><div class=\"x-column x-sm x-1-1 e1257-e3 myx-6 myx-7\"><hr class=\"x-line e1257-e4 myx-9\"\/><\/div><\/div><div class=\"x-container e1257-e5 myx-1 myx-2 myx-4\"><div class=\"x-column x-sm x-1-1 e1257-e6 myx-6 myx-7\"><div class=\"x-text x-text-headline e1257-e7 myx-a\"><div class=\"x-text-content\"><div class=\"x-text-content-text\"><h6 class=\"x-text-content-text-primary\">Empezar.<\/h6>\n<span class=\"x-text-content-text-subheadline\">Lleva tu proyecto al siguiente nivel<\/span><\/div><\/div><\/div><div class=\"x-container e1257-e8 myx-1 myx-3 myx-5\"><div class=\"x-column x-sm x-1-2 e1257-e9 myx-6 myx-8\"><a class=\"x-anchor x-anchor-button e1257-e10 myx-b\" tabindex=\"0\" href=\"https:\/\/baselok.com\/project-worksheets\/\"><div class=\"x-anchor-content\"><div class=\"x-anchor-text\"><span class=\"x-anchor-text-primary\">DEJANOS AYUDARTE<br \/>CON TU PROYECTO<\/span><\/div><\/div><\/a><\/div><div class=\"x-column x-sm x-1-2 e1257-e11 myx-6 myx-8\"><a class=\"x-anchor x-anchor-button e1257-e12 myx-b\" tabindex=\"0\" href=\"https:\/\/baselok.com\/request-a-product-submittal\/\"><div class=\"x-anchor-content\"><div class=\"x-anchor-text\"><span class=\"x-anchor-text-primary\">SOLICITAR UN<br \/>ENV\u00cdO DEL PRODUCTO<\/span><\/div><\/div><\/a><\/div><\/div><\/div><\/div><\/div><\/div><\/div><\/div><\/div><\/div><\/div>","protected":false},"excerpt":{"rendered":"<p>Marine SHORELINE, COASTAL &#038; WATERWAYWhen dealing with construction projects in or around water, BaseLok\u2122 technologies showcase a line of dependable composite marine structures. We incorporate top-quality geogrids and geotextiles to create products designed to enhance the constructability and longevity of coastal and marine structures. With enhanced hydraulic capabilities and superior engineering, BaseLok\u2122 solutions diminish costs in comparison to other alternatives.Products &#8230; <a href=\"https:\/\/baselok.com\/es\/marine\/\" class=\"more-link\">Read More<\/a><\/p>","protected":false},"author":1,"featured_media":0,"parent":0,"menu_order":0,"comment_status":"closed","ping_status":"closed","template":"template-blank-4.php","meta":{"footnotes":""},"class_list":["post-543","page","type-page","status-publish","hentry","no-post-thumbnail"],"yoast_head":"<!-- This site is optimized with the Yoast SEO plugin v26.5 - https:\/\/yoast.com\/wordpress\/plugins\/seo\/ -->\n<title>Marine - BaseLok\u2122<\/title>\n<meta name=\"robots\" content=\"index, follow, max-snippet:-1, max-image-preview:large, max-video-preview:-1\" \/>\n<link rel=\"canonical\" href=\"https:\/\/baselok.com\/es\/marine\/\" \/>\n<meta property=\"og:locale\" content=\"es_ES\" \/>\n<meta property=\"og:type\" content=\"article\" \/>\n<meta property=\"og:title\" content=\"Marine - BaseLok\u2122\" \/>\n<meta property=\"og:description\" content=\"Marine SHORELINE, COASTAL &amp; WATERWAYWhen dealing with construction projects in or around water, BaseLok\u2122 technologies showcase a line of dependable composite marine structures. We incorporate top-quality geogrids and geotextiles to create products designed to enhance the constructability and longevity of coastal and marine structures. With enhanced hydraulic capabilities and superior engineering, BaseLok\u2122 solutions diminish costs in comparison to other alternatives.Products ... Read More\" \/>\n<meta property=\"og:url\" content=\"https:\/\/baselok.com\/es\/marine\/\" \/>\n<meta property=\"og:site_name\" content=\"BaseLok\u2122\" \/>\n<meta property=\"article:modified_time\" content=\"2024-08-26T16:11:07+00:00\" \/>\n<meta name=\"twitter:card\" content=\"summary_large_image\" \/>\n<meta name=\"twitter:label1\" content=\"Tiempo de lectura\" \/>\n\t<meta name=\"twitter:data1\" content=\"4 minutos\" \/>\n<script type=\"application\/ld+json\" class=\"yoast-schema-graph\">{\"@context\":\"https:\/\/schema.org\",\"@graph\":[{\"@type\":\"WebPage\",\"@id\":\"https:\/\/baselok.com\/marine\/\",\"url\":\"https:\/\/baselok.com\/marine\/\",\"name\":\"Marine - BaseLok\u2122\",\"isPartOf\":{\"@id\":\"https:\/\/baselok.com\/#website\"},\"datePublished\":\"2020-06-10T14:01:27+00:00\",\"dateModified\":\"2024-08-26T16:11:07+00:00\",\"breadcrumb\":{\"@id\":\"https:\/\/baselok.com\/marine\/#breadcrumb\"},\"inLanguage\":\"es-CO\",\"potentialAction\":[{\"@type\":\"ReadAction\",\"target\":[\"https:\/\/baselok.com\/marine\/\"]}]},{\"@type\":\"BreadcrumbList\",\"@id\":\"https:\/\/baselok.com\/marine\/#breadcrumb\",\"itemListElement\":[{\"@type\":\"ListItem\",\"position\":1,\"name\":\"Home\",\"item\":\"https:\/\/baselok.com\/\"},{\"@type\":\"ListItem\",\"position\":2,\"name\":\"Marine\"}]},{\"@type\":\"WebSite\",\"@id\":\"https:\/\/baselok.com\/#website\",\"url\":\"https:\/\/baselok.com\/\",\"name\":\"BaseLok\u2122\",\"description\":\"by Industrial Fabrics, Inc.\",\"publisher\":{\"@id\":\"https:\/\/baselok.com\/#organization\"},\"potentialAction\":[{\"@type\":\"SearchAction\",\"target\":{\"@type\":\"EntryPoint\",\"urlTemplate\":\"https:\/\/baselok.com\/?s={search_term_string}\"},\"query-input\":{\"@type\":\"PropertyValueSpecification\",\"valueRequired\":true,\"valueName\":\"search_term_string\"}}],\"inLanguage\":\"es-CO\"},{\"@type\":\"Organization\",\"@id\":\"https:\/\/baselok.com\/#organization\",\"name\":\"BaseLok\u2122 by Industrial Fabrics, Inc.\",\"url\":\"https:\/\/baselok.com\/\",\"logo\":{\"@type\":\"ImageObject\",\"inLanguage\":\"es-CO\",\"@id\":\"https:\/\/baselok.com\/#\/schema\/logo\/image\/\",\"url\":\"https:\/\/baselok.com\/wp-content\/uploads\/2020\/06\/BaseLok-with-IF_logo.png\",\"contentUrl\":\"https:\/\/baselok.com\/wp-content\/uploads\/2020\/06\/BaseLok-with-IF_logo.png\",\"width\":684,\"height\":153,\"caption\":\"BaseLok\u2122 by Industrial Fabrics, Inc.\"},\"image\":{\"@id\":\"https:\/\/baselok.com\/#\/schema\/logo\/image\/\"},\"sameAs\":[\"https:\/\/www.linkedin.com\/company\/baselok\/\",\"https:\/\/www.youtube.com\/channel\/UCsGvLiv9trUrwBbwWoVaiNg\"]}]}<\/script>\n<!-- \/ Yoast SEO plugin. -->","yoast_head_json":{"title":"Marine - BaseLok\u2122","robots":{"index":"index","follow":"follow","max-snippet":"max-snippet:-1","max-image-preview":"max-image-preview:large","max-video-preview":"max-video-preview:-1"},"canonical":"https:\/\/baselok.com\/es\/marine\/","og_locale":"es_ES","og_type":"article","og_title":"Marine - BaseLok\u2122","og_description":"Marine SHORELINE, COASTAL & WATERWAYWhen dealing with construction projects in or around water, BaseLok\u2122 technologies showcase a line of dependable composite marine structures. We incorporate top-quality geogrids and geotextiles to create products designed to enhance the constructability and longevity of coastal and marine structures. With enhanced hydraulic capabilities and superior engineering, BaseLok\u2122 solutions diminish costs in comparison to other alternatives.Products ... Read More","og_url":"https:\/\/baselok.com\/es\/marine\/","og_site_name":"BaseLok\u2122","article_modified_time":"2024-08-26T16:11:07+00:00","twitter_card":"summary_large_image","twitter_misc":{"Tiempo de lectura":"4 minutos"},"schema":{"@context":"https:\/\/schema.org","@graph":[{"@type":"WebPage","@id":"https:\/\/baselok.com\/marine\/","url":"https:\/\/baselok.com\/marine\/","name":"Marine - BaseLok\u2122","isPartOf":{"@id":"https:\/\/baselok.com\/#website"},"datePublished":"2020-06-10T14:01:27+00:00","dateModified":"2024-08-26T16:11:07+00:00","breadcrumb":{"@id":"https:\/\/baselok.com\/marine\/#breadcrumb"},"inLanguage":"es-CO","potentialAction":[{"@type":"ReadAction","target":["https:\/\/baselok.com\/marine\/"]}]},{"@type":"BreadcrumbList","@id":"https:\/\/baselok.com\/marine\/#breadcrumb","itemListElement":[{"@type":"ListItem","position":1,"name":"Home","item":"https:\/\/baselok.com\/"},{"@type":"ListItem","position":2,"name":"Marine"}]},{"@type":"WebSite","@id":"https:\/\/baselok.com\/#website","url":"https:\/\/baselok.com\/","name":"BaseLok\u2122","description":"by Industrial Fabrics, Inc.","publisher":{"@id":"https:\/\/baselok.com\/#organization"},"potentialAction":[{"@type":"SearchAction","target":{"@type":"EntryPoint","urlTemplate":"https:\/\/baselok.com\/?s={search_term_string}"},"query-input":{"@type":"PropertyValueSpecification","valueRequired":true,"valueName":"search_term_string"}}],"inLanguage":"es-CO"},{"@type":"Organization","@id":"https:\/\/baselok.com\/#organization","name":"BaseLok\u2122 by Industrial Fabrics, Inc.","url":"https:\/\/baselok.com\/","logo":{"@type":"ImageObject","inLanguage":"es-CO","@id":"https:\/\/baselok.com\/#\/schema\/logo\/image\/","url":"https:\/\/baselok.com\/wp-content\/uploads\/2020\/06\/BaseLok-with-IF_logo.png","contentUrl":"https:\/\/baselok.com\/wp-content\/uploads\/2020\/06\/BaseLok-with-IF_logo.png","width":684,"height":153,"caption":"BaseLok\u2122 by Industrial Fabrics, Inc."},"image":{"@id":"https:\/\/baselok.com\/#\/schema\/logo\/image\/"},"sameAs":["https:\/\/www.linkedin.com\/company\/baselok\/","https:\/\/www.youtube.com\/channel\/UCsGvLiv9trUrwBbwWoVaiNg"]}]}},"jetpack_sharing_enabled":true,"_links":{"self":[{"href":"https:\/\/baselok.com\/es\/wp-json\/wp\/v2\/pages\/543","targetHints":{"allow":["GET"]}}],"collection":[{"href":"https:\/\/baselok.com\/es\/wp-json\/wp\/v2\/pages"}],"about":[{"href":"https:\/\/baselok.com\/es\/wp-json\/wp\/v2\/types\/page"}],"author":[{"embeddable":true,"href":"https:\/\/baselok.com\/es\/wp-json\/wp\/v2\/users\/1"}],"replies":[{"embeddable":true,"href":"https:\/\/baselok.com\/es\/wp-json\/wp\/v2\/comments?post=543"}],"version-history":[{"count":11,"href":"https:\/\/baselok.com\/es\/wp-json\/wp\/v2\/pages\/543\/revisions"}],"predecessor-version":[{"id":15246,"href":"https:\/\/baselok.com\/es\/wp-json\/wp\/v2\/pages\/543\/revisions\/15246"}],"wp:attachment":[{"href":"https:\/\/baselok.com\/es\/wp-json\/wp\/v2\/media?parent=543"}],"curies":[{"name":"wp","href":"https:\/\/api.w.org\/{rel}","templated":true}]}}