{"id":3041,"date":"2022-06-30T15:57:13","date_gmt":"2022-06-30T20:57:13","guid":{"rendered":"https:\/\/baselok.com\/?page_id=3041"},"modified":"2025-04-30T14:57:02","modified_gmt":"2025-04-30T19:57:02","slug":"siltguard","status":"publish","type":"page","link":"https:\/\/baselok.com\/es\/siltguard\/","title":{"rendered":"SiltGuard\u2122"},"content":{"rendered":"<div id=\"cs-content\" class=\"cs-content\"><div class=\"x-section e3041-e1 m2ch-0 m2ch-1 m2ch-2\"><div class=\"x-bg\" aria-hidden=\"true\"><div class=\"x-bg-layer-lower-image\" data-x-element-bg-layer=\"{&quot;parallaxSize&quot;:&quot;150%&quot;,&quot;parallaxDir&quot;:&quot;v&quot;,&quot;parallaxRev&quot;:false}\"><\/div><div class=\"x-bg-layer-upper-color\"><\/div><\/div><div class=\"x-container e3041-e2 m2ch-b m2ch-c\"><div class=\"x-column x-sm x-1-1 e3041-e3 m2ch-d\"><div class=\"x-text x-text-headline e3041-e4 m2ch-f m2ch-g m2ch-h m2ch-i m2ch-j\"><div class=\"x-text-content\"><div class=\"x-text-content-text\"><h1 class=\"x-text-content-text-primary\">SiltGuard\u2122<\/h1>\n<h6 class=\"x-text-content-text-subheadline\">Geogrid Reinforced Silt Fence<\/h6><\/div><\/div><\/div><\/div><\/div><\/div><div class=\"x-section e3041-e5 m2ch-0 m2ch-3 m2ch-4\"><div class=\"x-row x-container max width e3041-e6 m2ch-s m2ch-t m2ch-u m2ch-w m2ch-x\"><div class=\"x-row-inner\"><div class=\"x-col e3041-e7 m2ch-12 m2ch-13\"><div class=\"x-text x-content e3041-e8 m2ch-14 m2ch-15\"><p><b>SiltGuard\u2122 Polypropylene Geogrid Reinforced Silt Fence<\/b> is constructed with a 24\u201d tall High Tensile\nStrength Polypropylene Geogrid Mesh, covered with a 36\u201d woven slit tape polypropylene silt fence fabric. The\nsilt fence fabric is attached to the geogrid reinforcement with galvanized c-rings. <\/p><\/div><\/div><\/div><\/div><\/div><div class=\"x-section e3041-e9 m2ch-0 m2ch-5\"><div class=\"x-grid x-container max width e3041-e10 m2ch-17\"><div class=\"x-cell e3041-e11 m2ch-18 m2ch-19\"><div class=\"x-text x-text-headline has-graphic e3041-e12 m2ch-f m2ch-g m2ch-j m2ch-k m2ch-l m2ch-m m2ch-n m2ch-o\"><div class=\"x-text-content\"><span class=\"x-graphic\" aria-hidden=\"true\"><i class=\"x-icon x-graphic-child x-graphic-icon x-graphic-primary\" aria-hidden=\"true\" data-x-icon-o=\"&#xf737;\"><\/i><\/span><div class=\"x-text-content-text\"><h2 class=\"x-text-content-text-primary\">Application<\/h2>\n<span class=\"x-text-content-text-subheadline\"><ul>\n<li>Contain sediment and silt around construction sites, road work, and other job locations<\/li>\n<\/ul><\/span><\/div><\/div><\/div><\/div><div class=\"x-cell e3041-e13 m2ch-19 m2ch-1a\"><div class=\"x-bg\" aria-hidden=\"true\"><div class=\"x-bg-layer-lower-image\" data-x-element-bg-layer=\"{&quot;parallaxSize&quot;:&quot;110%&quot;,&quot;parallaxDir&quot;:&quot;h&quot;,&quot;parallaxRev&quot;:false}\"><\/div><\/div><div class=\"x-text x-text-headline has-graphic e3041-e14 m2ch-f m2ch-k m2ch-l m2ch-n m2ch-p\"><div class=\"x-text-content\"><span class=\"x-graphic\" aria-hidden=\"true\"><i class=\"x-icon x-graphic-child x-graphic-icon x-graphic-primary\" aria-hidden=\"true\" data-x-icon-s=\"&#xf0c8;\"><\/i><\/span><div class=\"x-text-content-text\"><h4 class=\"x-text-content-text-primary\">SiltGuard\u2122<\/h4>\n<\/div><\/div><\/div><\/div><\/div><\/div><div class=\"x-section e3041-e15 m2ch-0 m2ch-2 m2ch-6 m2ch-7\"><div class=\"x-bg\" aria-hidden=\"true\"><div class=\"x-bg-layer-lower-image\" data-x-element-bg-layer=\"{&quot;parallaxSize&quot;:&quot;150%&quot;,&quot;parallaxDir&quot;:&quot;v&quot;,&quot;parallaxRev&quot;:false}\"><\/div><div class=\"x-bg-layer-upper-color\"><\/div><\/div><div class=\"x-row x-container max width e3041-e16 m2ch-s m2ch-t m2ch-u m2ch-w m2ch-y\"><div class=\"x-row-inner\"><div class=\"x-col e3041-e17 m2ch-12\"><div class=\"x-text x-text-headline e3041-e18 m2ch-f m2ch-g m2ch-i m2ch-k m2ch-n m2ch-o m2ch-q\"><div class=\"x-text-content\"><div class=\"x-text-content-text\"><h3 class=\"x-text-content-text-primary\">How SiltGuard\u2122 Works<\/h3>\n<\/div><\/div><\/div><hr class=\"x-line e3041-e19 m2ch-1b m2ch-1c\"\/><div class=\"x-text x-content e3041-e20 m2ch-14 m2ch-16\"><p>SiltGuard's\u2122 rigid and high tensile\nstrength geogrid mesh reinforcement supports the silt fence fabric in an upright position even under extreme\nstorm events. The geotextile silt fence apron tag extends into the anchoring trench, providing anchoring and\neliminating undercutting from extreme stormwater forces. SiltGuard may be reinforced with either wooden or\nmetal t-post stakes, placed on 8 ft. centers.<\/p>\n\n<p><\/p><\/div><\/div><\/div><\/div><\/div><div class=\"x-section e3041-e21 m2ch-0 m2ch-3 m2ch-8\"><div class=\"x-row x-container max width e3041-e22 m2ch-s m2ch-t m2ch-u m2ch-w m2ch-z\"><div class=\"x-row-inner\"><div class=\"x-col e3041-e23 m2ch-12\"><ul  class=\"x-feature-list\"  data-x-element=\"feature_list\" data-x-params=\"{&quot;animationOffset&quot;:&quot;75&quot;,&quot;animationDelayInitial&quot;:&quot;0&quot;,&quot;animationDelayBetween&quot;:&quot;150&quot;}\"><li  class=\"x-feature-box left-text top-text cf\" style=\" max-width: 728px;\" data-x-element=\"feature_box\" data-x-params=\"{&quot;child&quot;:true,&quot;graphicAnimation&quot;:&quot;zoomIn&quot;,&quot;connectorAnimation&quot;:&quot;fadeInDown&quot;,&quot;alignH&quot;:&quot;left&quot;,&quot;alignV&quot;:&quot;top&quot;}\"><span class=\"x-feature-box-connector full animated-hide\" style=\"font-size: 60px; left: 0; right: calc(100% - 60px); border-left: 2px dashed #272727;\"><\/span><div class=\"x-feature-box-graphic circle\"><div class=\"x-feature-box-graphic-outer circle animated-hide\" style=\" margin-right: 20px;\"><div class=\"x-feature-box-graphic-inner circle\" style=\"font-size: 60px;\"><i class=\"x-icon-o-minus-hexagon circle\" data-x-icon-o=\"&#xf307;\"  style=\"margin: 0 auto; border-width: 5px 5px 5px 5px; border-style: outset; border-color: rgb(113, 115, 117); color: #ffffff; background-color: rgb(237, 23, 71);\"><\/i><\/div><\/div><\/div><div class=\"x-feature-box-content\"><h4 class=\"x-feature-box-title\">Strong<\/h4><p class=\"x-feature-box-text\"><span style=\"color: rgb(113, 115, 117)\">Exhibits a higher tensile strength than wire<\/span><\/p><\/div><\/li><li  class=\"x-feature-box left-text top-text cf\" style=\" max-width: 728px;\" data-x-element=\"feature_box\" data-x-params=\"{&quot;child&quot;:true,&quot;graphicAnimation&quot;:&quot;zoomIn&quot;,&quot;connectorAnimation&quot;:&quot;fadeInDown&quot;,&quot;alignH&quot;:&quot;left&quot;,&quot;alignV&quot;:&quot;top&quot;}\"><span class=\"x-feature-box-connector full animated-hide\" style=\"font-size: 60px; left: 0; right: calc(100% - 60px); border-left: 2px dashed #272727;\"><\/span><div class=\"x-feature-box-graphic circle\"><div class=\"x-feature-box-graphic-outer circle animated-hide\" style=\" margin-right: 20px;\"><div class=\"x-feature-box-graphic-inner circle\" style=\"font-size: 60px;\"><i class=\"x-icon-o-random circle\" data-x-icon-o=\"&#xf074;\"  style=\"margin: 0 auto; border-width: 5px 5px 5px 5px; border-style: outset; border-color: rgb(113, 115, 117); color: #ffffff; background-color: rgb(237, 23, 71);\"><\/i><\/div><\/div><\/div><div class=\"x-feature-box-content\"><h4 class=\"x-feature-box-title\">Versatile<\/h4><p class=\"x-feature-box-text\"><span style=\"color: rgb(113, 115, 117)\">Effective in low volume channels, slopes, jobsite perimeter, linear right of way, or pipeline applications.<\/span><\/p><\/div><\/li><li  class=\"x-feature-box left-text top-text cf\" style=\" max-width: 728px;\" data-x-element=\"feature_box\" data-x-params=\"{&quot;child&quot;:true,&quot;graphicAnimation&quot;:&quot;zoomIn&quot;,&quot;connectorAnimation&quot;:&quot;fadeInDown&quot;,&quot;alignH&quot;:&quot;left&quot;,&quot;alignV&quot;:&quot;top&quot;}\"><span class=\"x-feature-box-connector full animated-hide\" style=\"font-size: 60px; left: 0; right: calc(100% - 60px); border-left: 2px dashed #272727;\"><\/span><div class=\"x-feature-box-graphic circle\"><div class=\"x-feature-box-graphic-outer circle animated-hide\" style=\" margin-right: 20px;\"><div class=\"x-feature-box-graphic-inner circle\" style=\"font-size: 60px;\"><i class=\"x-icon-o-trees circle\" data-x-icon-o=\"&#xf724;\"  style=\"margin: 0 auto; border-width: 5px 5px 5px 5px; border-style: outset; border-color: rgb(113, 115, 117); color: #ffffff; background-color: rgb(237, 23, 71);\"><\/i><\/div><\/div><\/div><div class=\"x-feature-box-content\"><h4 class=\"x-feature-box-title\">Amigable con el medio ambiente<\/h4><p class=\"x-feature-box-text\"><span style=\"color: rgb(113, 115, 117)\">100% recyclable; Efficient removal after completion of jobsites<\/span><\/p><\/div><\/li><li  class=\"x-feature-box left-text top-text cf\" style=\" max-width: 728px;\" data-x-element=\"feature_box\" data-x-params=\"{&quot;child&quot;:true,&quot;graphicAnimation&quot;:&quot;zoomIn&quot;,&quot;connectorAnimation&quot;:&quot;fadeInDown&quot;,&quot;alignH&quot;:&quot;left&quot;,&quot;alignV&quot;:&quot;top&quot;}\"><span class=\"x-feature-box-connector full animated-hide\" style=\"font-size: 60px; left: 0; right: calc(100% - 60px); border-left: 2px dashed #272727;\"><\/span><div class=\"x-feature-box-graphic circle\"><div class=\"x-feature-box-graphic-outer circle animated-hide\" style=\" margin-right: 20px;\"><div class=\"x-feature-box-graphic-inner circle\" style=\"font-size: 60px;\"><i class=\"x-icon-o-truck-plow circle\" data-x-icon-o=\"&#xf7de;\"  style=\"margin: 0 auto; border-width: 5px 5px 5px 5px; border-style: outset; border-color: rgb(113, 115, 117); color: #ffffff; background-color: rgb(237, 23, 71);\"><\/i><\/div><\/div><\/div><div class=\"x-feature-box-content\"><h4 class=\"x-feature-box-title\">Easy to Install<\/h4><p class=\"x-feature-box-text\"><span style=\"color: rgb(113, 115, 117)\">La instalaci\u00f3n es simple y r\u00e1pida con nuestra variedad de tama\u00f1os de rollo<\/span><\/p><\/div><\/li><li  class=\"x-feature-box left-text top-text cf\" style=\" max-width: 728px;\" data-x-element=\"feature_box\" data-x-params=\"{&quot;child&quot;:true,&quot;graphicAnimation&quot;:&quot;zoomIn&quot;,&quot;connectorAnimation&quot;:&quot;fadeInDown&quot;,&quot;alignH&quot;:&quot;left&quot;,&quot;alignV&quot;:&quot;top&quot;}\"><span class=\"x-feature-box-connector full animated-hide\" style=\"font-size: 60px; left: 0; right: calc(100% - 60px); border-left: 2px dashed #272727;\"><\/span><div class=\"x-feature-box-graphic circle\"><div class=\"x-feature-box-graphic-outer circle animated-hide\" style=\" margin-right: 20px;\"><div class=\"x-feature-box-graphic-inner circle\" style=\"font-size: 60px;\"><i class=\"x-icon-o-star circle\" data-x-icon-o=\"&#xf005;\"  style=\"margin: 0 auto; border-width: 5px 5px 5px 5px; border-style: outset; border-color: rgb(113, 115, 117); color: #ffffff; background-color: rgb(237, 23, 71);\"><\/i><\/div><\/div><\/div><div class=\"x-feature-box-content\"><h4 class=\"x-feature-box-title\">Made in the USA<\/h4><p class=\"x-feature-box-text\"><span style=\"color: rgb(113, 115, 117)\">Manufactured in Houston, Texas; satisfies all Buy America requirements<\/span><\/p><\/div><\/li><\/ul><\/div><\/div><\/div><\/div><div class=\"x-section e3041-e30 m2ch-0 m2ch-6 m2ch-9\"><div class=\"x-container max width e3041-e31 m2ch-c\"><div class=\"x-column x-sm x-1-1 e3041-e32 m2ch-d m2ch-e\"><div class=\"x-text x-text-headline e3041-e33 m2ch-f m2ch-g m2ch-i m2ch-k m2ch-o m2ch-q m2ch-r\"><div class=\"x-text-content\"><div class=\"x-text-content-text\"><h3 class=\"x-text-content-text-primary\">Descargas<\/h3>\n<\/div><\/div><\/div><hr class=\"x-line e3041-e34 m2ch-1c m2ch-1d\"\/><div class=\"x-row e3041-e35 m2ch-s m2ch-t m2ch-w m2ch-10\"><div class=\"x-row-inner\"><div class=\"x-col e3041-e36 m2ch-12\"><a class=\"x-anchor x-anchor-button has-graphic e3041-e37 m2ch-1e\" tabindex=\"0\" href=\"\/wp-content\/uploads\/2025\/04\/FLYER_SiltGUARD-BX-_NON-WOVEN.pdf\" target=\"_blank\" rel=\"noopener noreferrer\"><div class=\"x-anchor-content\"><span class=\"x-graphic\" aria-hidden=\"true\"><i data-x-single-anim=\"x-flip-y\" class=\"x-icon x-graphic-child x-graphic-icon x-graphic-primary\" aria-hidden=\"true\" data-x-icon-s=\"&#xf518;\"><\/i><\/span><div class=\"x-anchor-text\"><span class=\"x-anchor-text-primary\">Overview Flyer<\/span><span class=\"x-anchor-text-secondary\">Descargar PDF<\/span><\/div><\/div><\/a><hr class=\"x-line e3041-e38 m2ch-1c m2ch-1d\"\/><\/div><div class=\"x-col e3041-e39 m2ch-12\"><a class=\"x-anchor x-anchor-button has-graphic e3041-e40 m2ch-1e\" tabindex=\"0\" href=\"\/wp-content\/uploads\/2025\/04\/Flyer_SiltGuard_Installation-_6-30-22.pdf\" target=\"_blank\" rel=\"noopener noreferrer\"><div class=\"x-anchor-content\"><span class=\"x-graphic\" aria-hidden=\"true\"><i data-x-single-anim=\"x-flip-y\" class=\"x-icon x-graphic-child x-graphic-icon x-graphic-primary\" aria-hidden=\"true\" data-x-icon-s=\"&#xf019;\"><\/i><\/span><div class=\"x-anchor-text\"><span class=\"x-anchor-text-primary\">Gu\u00eda de instalaci\u00f3n<\/span><span class=\"x-anchor-text-secondary\">Descargar PDF<\/span><\/div><\/div><\/a><hr class=\"x-line e3041-e41 m2ch-1c m2ch-1d\"\/><\/div><\/div><\/div><\/div><\/div><\/div><div class=\"x-section e3041-e42 m2ch-0 m2ch-4 m2ch-a\"><div class=\"x-row x-container max width e3041-e43 m2ch-s m2ch-u m2ch-v m2ch-w m2ch-11\"><div class=\"x-row-inner\"><div class=\"x-col e3041-e44 m2ch-12\"><div class=\"cs-content x-global-block x-global-block-1257 e3041-e45\"><div class=\"x-section e1257-e1 myx-0\"><div class=\"x-container e1257-e2 myx-1 myx-2 myx-3\"><div class=\"x-column x-sm x-1-1 e1257-e3 myx-6 myx-7\"><hr class=\"x-line e1257-e4 myx-9\"\/><\/div><\/div><div class=\"x-container e1257-e5 myx-1 myx-2 myx-4\"><div class=\"x-column x-sm x-1-1 e1257-e6 myx-6 myx-7\"><div class=\"x-text x-text-headline e1257-e7 myx-a\"><div class=\"x-text-content\"><div class=\"x-text-content-text\"><h6 class=\"x-text-content-text-primary\">Empezar.<\/h6>\n<span class=\"x-text-content-text-subheadline\">Lleva tu proyecto al siguiente nivel<\/span><\/div><\/div><\/div><div class=\"x-container e1257-e8 myx-1 myx-3 myx-5\"><div class=\"x-column x-sm x-1-2 e1257-e9 myx-6 myx-8\"><a class=\"x-anchor x-anchor-button e1257-e10 myx-b\" tabindex=\"0\" href=\"https:\/\/baselok.com\/project-worksheets\/\"><div class=\"x-anchor-content\"><div class=\"x-anchor-text\"><span class=\"x-anchor-text-primary\">DEJANOS AYUDARTE<br \/>CON TU PROYECTO<\/span><\/div><\/div><\/a><\/div><div class=\"x-column x-sm x-1-2 e1257-e11 myx-6 myx-8\"><a class=\"x-anchor x-anchor-button e1257-e12 myx-b\" tabindex=\"0\" href=\"https:\/\/baselok.com\/request-a-product-submittal\/\"><div class=\"x-anchor-content\"><div class=\"x-anchor-text\"><span class=\"x-anchor-text-primary\">SOLICITAR UN<br \/>ENV\u00cdO DEL PRODUCTO<\/span><\/div><\/div><\/a><\/div><\/div><\/div><\/div><\/div><\/div><\/div><\/div><\/div><\/div><\/div>","protected":false},"excerpt":{"rendered":"<p>SiltGuard\u2122 Geogrid Reinforced Silt FenceSiltGuard\u2122 Polypropylene Geogrid Reinforced Silt Fence is constructed with a 24\u201d tall High Tensile Strength Polypropylene Geogrid Mesh, covered with a 36\u201d woven slit tape polypropylene silt fence fabric. The silt fence fabric is attached to the geogrid reinforcement with galvanized c-rings. Application Contain sediment and silt around construction sites, road work, and other job locations &#8230; <a href=\"https:\/\/baselok.com\/es\/siltguard\/\" class=\"more-link\">Read More<\/a><\/p>","protected":false},"author":1,"featured_media":0,"parent":0,"menu_order":0,"comment_status":"closed","ping_status":"closed","template":"template-blank-4.php","meta":{"footnotes":""},"class_list":["post-3041","page","type-page","status-publish","hentry","no-post-thumbnail"],"yoast_head":"<!-- This site is optimized with the Yoast SEO plugin v26.5 - https:\/\/yoast.com\/wordpress\/plugins\/seo\/ -->\n<title>SiltGuard\u2122 - BaseLok\u2122<\/title>\n<meta name=\"robots\" content=\"index, follow, max-snippet:-1, max-image-preview:large, max-video-preview:-1\" \/>\n<link rel=\"canonical\" href=\"https:\/\/baselok.com\/es\/siltguard\/\" \/>\n<meta property=\"og:locale\" content=\"es_ES\" \/>\n<meta property=\"og:type\" content=\"article\" \/>\n<meta property=\"og:title\" content=\"SiltGuard\u2122 - BaseLok\u2122\" \/>\n<meta property=\"og:description\" content=\"SiltGuard\u2122 Geogrid Reinforced Silt FenceSiltGuard\u2122 Polypropylene Geogrid Reinforced Silt Fence is constructed with a 24\u201d tall High Tensile Strength Polypropylene Geogrid Mesh, covered with a 36\u201d woven slit tape polypropylene silt fence fabric. The silt fence fabric is attached to the geogrid reinforcement with galvanized c-rings. Application Contain sediment and silt around construction sites, road work, and other job locations ... Read More\" \/>\n<meta property=\"og:url\" content=\"https:\/\/baselok.com\/es\/siltguard\/\" \/>\n<meta property=\"og:site_name\" content=\"BaseLok\u2122\" \/>\n<meta property=\"article:modified_time\" content=\"2025-04-30T19:57:02+00:00\" \/>\n<meta name=\"twitter:card\" content=\"summary_large_image\" \/>\n<meta name=\"twitter:label1\" content=\"Tiempo de lectura\" \/>\n\t<meta name=\"twitter:data1\" content=\"4 minutos\" \/>\n<script type=\"application\/ld+json\" class=\"yoast-schema-graph\">{\"@context\":\"https:\/\/schema.org\",\"@graph\":[{\"@type\":\"WebPage\",\"@id\":\"https:\/\/baselok.com\/siltguard\/\",\"url\":\"https:\/\/baselok.com\/siltguard\/\",\"name\":\"SiltGuard\u2122 - BaseLok\u2122\",\"isPartOf\":{\"@id\":\"https:\/\/baselok.com\/#website\"},\"datePublished\":\"2022-06-30T20:57:13+00:00\",\"dateModified\":\"2025-04-30T19:57:02+00:00\",\"breadcrumb\":{\"@id\":\"https:\/\/baselok.com\/siltguard\/#breadcrumb\"},\"inLanguage\":\"es-CO\",\"potentialAction\":[{\"@type\":\"ReadAction\",\"target\":[\"https:\/\/baselok.com\/siltguard\/\"]}]},{\"@type\":\"BreadcrumbList\",\"@id\":\"https:\/\/baselok.com\/siltguard\/#breadcrumb\",\"itemListElement\":[{\"@type\":\"ListItem\",\"position\":1,\"name\":\"Home\",\"item\":\"https:\/\/baselok.com\/\"},{\"@type\":\"ListItem\",\"position\":2,\"name\":\"SiltGuard\u2122\"}]},{\"@type\":\"WebSite\",\"@id\":\"https:\/\/baselok.com\/#website\",\"url\":\"https:\/\/baselok.com\/\",\"name\":\"BaseLok\u2122\",\"description\":\"by Industrial Fabrics, Inc.\",\"publisher\":{\"@id\":\"https:\/\/baselok.com\/#organization\"},\"potentialAction\":[{\"@type\":\"SearchAction\",\"target\":{\"@type\":\"EntryPoint\",\"urlTemplate\":\"https:\/\/baselok.com\/?s={search_term_string}\"},\"query-input\":{\"@type\":\"PropertyValueSpecification\",\"valueRequired\":true,\"valueName\":\"search_term_string\"}}],\"inLanguage\":\"es-CO\"},{\"@type\":\"Organization\",\"@id\":\"https:\/\/baselok.com\/#organization\",\"name\":\"BaseLok\u2122 by Industrial Fabrics, Inc.\",\"url\":\"https:\/\/baselok.com\/\",\"logo\":{\"@type\":\"ImageObject\",\"inLanguage\":\"es-CO\",\"@id\":\"https:\/\/baselok.com\/#\/schema\/logo\/image\/\",\"url\":\"https:\/\/baselok.com\/wp-content\/uploads\/2020\/06\/BaseLok-with-IF_logo.png\",\"contentUrl\":\"https:\/\/baselok.com\/wp-content\/uploads\/2020\/06\/BaseLok-with-IF_logo.png\",\"width\":684,\"height\":153,\"caption\":\"BaseLok\u2122 by Industrial Fabrics, Inc.\"},\"image\":{\"@id\":\"https:\/\/baselok.com\/#\/schema\/logo\/image\/\"},\"sameAs\":[\"https:\/\/www.linkedin.com\/company\/baselok\/\",\"https:\/\/www.youtube.com\/channel\/UCsGvLiv9trUrwBbwWoVaiNg\"]}]}<\/script>\n<!-- \/ Yoast SEO plugin. -->","yoast_head_json":{"title":"SiltGuard\u2122 - BaseLok\u2122","robots":{"index":"index","follow":"follow","max-snippet":"max-snippet:-1","max-image-preview":"max-image-preview:large","max-video-preview":"max-video-preview:-1"},"canonical":"https:\/\/baselok.com\/es\/siltguard\/","og_locale":"es_ES","og_type":"article","og_title":"SiltGuard\u2122 - BaseLok\u2122","og_description":"SiltGuard\u2122 Geogrid Reinforced Silt FenceSiltGuard\u2122 Polypropylene Geogrid Reinforced Silt Fence is constructed with a 24\u201d tall High Tensile Strength Polypropylene Geogrid Mesh, covered with a 36\u201d woven slit tape polypropylene silt fence fabric. The silt fence fabric is attached to the geogrid reinforcement with galvanized c-rings. Application Contain sediment and silt around construction sites, road work, and other job locations ... Read More","og_url":"https:\/\/baselok.com\/es\/siltguard\/","og_site_name":"BaseLok\u2122","article_modified_time":"2025-04-30T19:57:02+00:00","twitter_card":"summary_large_image","twitter_misc":{"Tiempo de lectura":"4 minutos"},"schema":{"@context":"https:\/\/schema.org","@graph":[{"@type":"WebPage","@id":"https:\/\/baselok.com\/siltguard\/","url":"https:\/\/baselok.com\/siltguard\/","name":"SiltGuard\u2122 - BaseLok\u2122","isPartOf":{"@id":"https:\/\/baselok.com\/#website"},"datePublished":"2022-06-30T20:57:13+00:00","dateModified":"2025-04-30T19:57:02+00:00","breadcrumb":{"@id":"https:\/\/baselok.com\/siltguard\/#breadcrumb"},"inLanguage":"es-CO","potentialAction":[{"@type":"ReadAction","target":["https:\/\/baselok.com\/siltguard\/"]}]},{"@type":"BreadcrumbList","@id":"https:\/\/baselok.com\/siltguard\/#breadcrumb","itemListElement":[{"@type":"ListItem","position":1,"name":"Home","item":"https:\/\/baselok.com\/"},{"@type":"ListItem","position":2,"name":"SiltGuard\u2122"}]},{"@type":"WebSite","@id":"https:\/\/baselok.com\/#website","url":"https:\/\/baselok.com\/","name":"BaseLok\u2122","description":"by Industrial Fabrics, Inc.","publisher":{"@id":"https:\/\/baselok.com\/#organization"},"potentialAction":[{"@type":"SearchAction","target":{"@type":"EntryPoint","urlTemplate":"https:\/\/baselok.com\/?s={search_term_string}"},"query-input":{"@type":"PropertyValueSpecification","valueRequired":true,"valueName":"search_term_string"}}],"inLanguage":"es-CO"},{"@type":"Organization","@id":"https:\/\/baselok.com\/#organization","name":"BaseLok\u2122 by Industrial Fabrics, Inc.","url":"https:\/\/baselok.com\/","logo":{"@type":"ImageObject","inLanguage":"es-CO","@id":"https:\/\/baselok.com\/#\/schema\/logo\/image\/","url":"https:\/\/baselok.com\/wp-content\/uploads\/2020\/06\/BaseLok-with-IF_logo.png","contentUrl":"https:\/\/baselok.com\/wp-content\/uploads\/2020\/06\/BaseLok-with-IF_logo.png","width":684,"height":153,"caption":"BaseLok\u2122 by Industrial Fabrics, Inc."},"image":{"@id":"https:\/\/baselok.com\/#\/schema\/logo\/image\/"},"sameAs":["https:\/\/www.linkedin.com\/company\/baselok\/","https:\/\/www.youtube.com\/channel\/UCsGvLiv9trUrwBbwWoVaiNg"]}]}},"jetpack_sharing_enabled":true,"_links":{"self":[{"href":"https:\/\/baselok.com\/es\/wp-json\/wp\/v2\/pages\/3041","targetHints":{"allow":["GET"]}}],"collection":[{"href":"https:\/\/baselok.com\/es\/wp-json\/wp\/v2\/pages"}],"about":[{"href":"https:\/\/baselok.com\/es\/wp-json\/wp\/v2\/types\/page"}],"author":[{"embeddable":true,"href":"https:\/\/baselok.com\/es\/wp-json\/wp\/v2\/users\/1"}],"replies":[{"embeddable":true,"href":"https:\/\/baselok.com\/es\/wp-json\/wp\/v2\/comments?post=3041"}],"version-history":[{"count":10,"href":"https:\/\/baselok.com\/es\/wp-json\/wp\/v2\/pages\/3041\/revisions"}],"predecessor-version":[{"id":37317,"href":"https:\/\/baselok.com\/es\/wp-json\/wp\/v2\/pages\/3041\/revisions\/37317"}],"wp:attachment":[{"href":"https:\/\/baselok.com\/es\/wp-json\/wp\/v2\/media?parent=3041"}],"curies":[{"name":"wp","href":"https:\/\/api.w.org\/{rel}","templated":true}]}}